{"id":19,"date":"2025-01-07T08:30:00","date_gmt":"2025-01-07T08:30:00","guid":{"rendered":"https:\/\/tobroxwood.ee\/meist\/"},"modified":"2026-03-09T08:35:24","modified_gmt":"2026-03-09T08:35:24","slug":"ettevottest","status":"publish","type":"page","link":"https:\/\/tobroxwood.ee\/?page_id=19","title":{"rendered":"Ettev\u00f5ttest"},"content":{"rendered":"\t\t<div data-elementor-type=\"wp-page\" data-elementor-id=\"19\" class=\"elementor elementor-19\">\n\t\t\t\t<div class=\"elementor-element elementor-element-5ad977f e-flex e-con-boxed e-con e-parent\" data-id=\"5ad977f\" data-element_type=\"container\">\n\t\t\t\t\t<div class=\"e-con-inner\">\n\t\t<div class=\"elementor-element elementor-element-ef66118 e-con-full e-flex e-con e-child\" data-id=\"ef66118\" data-element_type=\"container\">\n\t\t<div class=\"elementor-element elementor-element-47e2d2d e-con-full e-flex e-con e-child\" data-id=\"47e2d2d\" data-element_type=\"container\">\n\t\t\t\t<div class=\"elementor-element elementor-element-f79430b elementor-widget elementor-widget-heading\" data-id=\"f79430b\" data-element_type=\"widget\" data-widget_type=\"heading.default\">\n\t\t\t\t<div class=\"elementor-widget-container\">\n\t\t\t\t\t<h1 class=\"elementor-heading-title elementor-size-default\">Meist<\/h1>\t\t\t\t<\/div>\n\t\t\t\t<\/div>\n\t\t\t\t<div class=\"elementor-element elementor-element-c3ea6ae elementor-widget elementor-widget-text-editor\" data-id=\"c3ea6ae\" data-element_type=\"widget\" data-widget_type=\"text-editor.default\">\n\t\t\t\t<div class=\"elementor-widget-container\">\n\t\t\t\t\t\t\t\t\t<p><strong>Tobrox Wood O\u00dc <\/strong>on V\u00f5rumaal 3. veebruaril 2016. asutatud Eesti ettev\u00f5te, mis tegeleb kvaliteetse saematerjali, puittaarade ja kaubaaluste tootmisega.<\/p><p>Pakume laia tooteportfelli, mis sobib erinevatele t\u00f6\u00f6stus- ja logistikan\u00f5udmistele.<\/p><p>Lisaks valmistame eritellimusel puidust pakendeid ja transpordilahendusi. Samuti pakume professionaalset palgil\u00f5ikusteenust, mis tagab t\u00e4pse ja kvaliteetse l\u00f5ikeprotsessi vastavalt kliendi vajadustele.<\/p><p>Meie eesm\u00e4rk on pakkuda usaldusv\u00e4\u00e4rseid ja keskkonnas\u00f5bralikke lahendusi, mis tagavad teie kauba turvalisuse ja t\u00f5husa transportimise. Terek midgi\u00a0<\/p>\t\t\t\t\t\t\t\t<\/div>\n\t\t\t\t<\/div>\n\t\t\t\t<\/div>\n\t\t<div class=\"elementor-element elementor-element-f403af8 e-con-full e-flex e-con e-child\" data-id=\"f403af8\" data-element_type=\"container\">\n\t\t\t\t<div class=\"elementor-element elementor-element-f659bf8 elementor-widget elementor-widget-image\" data-id=\"f659bf8\" data-element_type=\"widget\" data-widget_type=\"image.default\">\n\t\t\t\t<div class=\"elementor-widget-container\">\n\t\t\t\t\t\t\t\t\t\t\t\t\t\t\t<img fetchpriority=\"high\" decoding=\"async\" width=\"1024\" height=\"683\" src=\"https:\/\/tobroxwood.ee\/wp-content\/uploads\/2025\/01\/stack-wooden-planks-sawmill-lumber-yard-1024x683.jpg\" class=\"attachment-large size-large wp-image-2389\" alt=\"\" srcset=\"https:\/\/tobroxwood.ee\/wp-content\/uploads\/2025\/01\/stack-wooden-planks-sawmill-lumber-yard-1024x683.jpg 1024w, https:\/\/tobroxwood.ee\/wp-content\/uploads\/2025\/01\/stack-wooden-planks-sawmill-lumber-yard-300x200.jpg 300w, https:\/\/tobroxwood.ee\/wp-content\/uploads\/2025\/01\/stack-wooden-planks-sawmill-lumber-yard-768x513.jpg 768w, https:\/\/tobroxwood.ee\/wp-content\/uploads\/2025\/01\/stack-wooden-planks-sawmill-lumber-yard-1536x1025.jpg 1536w, https:\/\/tobroxwood.ee\/wp-content\/uploads\/2025\/01\/stack-wooden-planks-sawmill-lumber-yard-2048x1367.jpg 2048w\" sizes=\"(max-width: 1024px) 100vw, 1024px\" \/>\t\t\t\t\t\t\t\t\t\t\t\t\t\t\t<\/div>\n\t\t\t\t<\/div>\n\t\t\t\t<\/div>\n\t\t\t\t<\/div>\n\t\t\t\t\t<\/div>\n\t\t\t\t<\/div>\n\t\t\t\t<\/div>\n\t\t","protected":false},"excerpt":{"rendered":"<p>Meist Tobrox Wood O\u00dc on V\u00f5rumaal 3. veebruaril 2016. asutatud Eesti ettev\u00f5te, mis tegeleb kvaliteetse saematerjali, puittaarade ja kaubaaluste tootmisega. [&hellip;]<\/p>\n","protected":false},"author":1,"featured_media":0,"parent":0,"menu_order":0,"comment_status":"closed","ping_status":"closed","template":"","meta":{"site-sidebar-layout":"default","site-content-layout":"","ast-site-content-layout":"","site-content-style":"default","site-sidebar-style":"default","ast-global-header-display":"","ast-banner-title-visibility":"","ast-main-header-display":"","ast-hfb-above-header-display":"","ast-hfb-below-header-display":"","ast-hfb-mobile-header-display":"","site-post-title":"disabled","ast-breadcrumbs-content":"","ast-featured-img":"","footer-sml-layout":"","theme-transparent-header-meta":"","adv-header-id-meta":"","stick-header-meta":"","header-above-stick-meta":"","header-main-stick-meta":"","header-below-stick-meta":"","astra-migrate-meta-layouts":"default","ast-page-background-enabled":"default","ast-page-background-meta":{"desktop":{"background-color":"var(--ast-global-color-5)","background-image":"","background-repeat":"repeat","background-position":"center center","background-size":"auto","background-attachment":"scroll","background-type":"","background-media":"","overlay-type":"","overlay-color":"","overlay-opacity":"","overlay-gradient":""},"tablet":{"background-color":"","background-image":"","background-repeat":"repeat","background-position":"center center","background-size":"auto","background-attachment":"scroll","background-type":"","background-media":"","overlay-type":"","overlay-color":"","overlay-opacity":"","overlay-gradient":""},"mobile":{"background-color":"","background-image":"","background-repeat":"repeat","background-position":"center center","background-size":"auto","background-attachment":"scroll","background-type":"","background-media":"","overlay-type":"","overlay-color":"","overlay-opacity":"","overlay-gradient":""}},"ast-content-background-meta":{"desktop":{"background-color":"var(--ast-global-color-4)","background-image":"","background-repeat":"repeat","background-position":"center center","background-size":"auto","background-attachment":"scroll","background-type":"","background-media":"","overlay-type":"","overlay-color":"","overlay-opacity":"","overlay-gradient":""},"tablet":{"background-color":"var(--ast-global-color-4)","background-image":"","background-repeat":"repeat","background-position":"center center","background-size":"auto","background-attachment":"scroll","background-type":"","background-media":"","overlay-type":"","overlay-color":"","overlay-opacity":"","overlay-gradient":""},"mobile":{"background-color":"var(--ast-global-color-4)","background-image":"","background-repeat":"repeat","background-position":"center center","background-size":"auto","background-attachment":"scroll","background-type":"","background-media":"","overlay-type":"","overlay-color":"","overlay-opacity":"","overlay-gradient":""}},"footnotes":""},"class_list":["post-19","page","type-page","status-publish","hentry"],"aioseo_notices":[],"_links":{"self":[{"href":"https:\/\/tobroxwood.ee\/index.php?rest_route=\/wp\/v2\/pages\/19","targetHints":{"allow":["GET"]}}],"collection":[{"href":"https:\/\/tobroxwood.ee\/index.php?rest_route=\/wp\/v2\/pages"}],"about":[{"href":"https:\/\/tobroxwood.ee\/index.php?rest_route=\/wp\/v2\/types\/page"}],"author":[{"embeddable":true,"href":"https:\/\/tobroxwood.ee\/index.php?rest_route=\/wp\/v2\/users\/1"}],"replies":[{"embeddable":true,"href":"https:\/\/tobroxwood.ee\/index.php?rest_route=%2Fwp%2Fv2%2Fcomments&post=19"}],"version-history":[{"count":83,"href":"https:\/\/tobroxwood.ee\/index.php?rest_route=\/wp\/v2\/pages\/19\/revisions"}],"predecessor-version":[{"id":4827,"href":"https:\/\/tobroxwood.ee\/index.php?rest_route=\/wp\/v2\/pages\/19\/revisions\/4827"}],"wp:attachment":[{"href":"https:\/\/tobroxwood.ee\/index.php?rest_route=%2Fwp%2Fv2%2Fmedia&parent=19"}],"curies":[{"name":"wp","href":"https:\/\/api.w.org\/{rel}","templated":true}]}}